{"id":544,"date":"2020-08-25T22:57:59","date_gmt":"2020-08-25T22:57:59","guid":{"rendered":"https:\/\/demos.kadencewp.com\/course\/?page_id=10"},"modified":"2023-09-19T11:48:04","modified_gmt":"2023-09-19T11:48:04","slug":"kontakt","status":"publish","type":"page","link":"https:\/\/swobodnyangielski.pl\/index.php\/kontakt\/","title":{"rendered":"Kontakt"},"content":{"rendered":"<style>.wp-block-kadence-advancedheading.kt-adv-heading544_f6a29e-e5, .wp-block-kadence-advancedheading.kt-adv-heading544_f6a29e-e5[data-kb-block=\"kb-adv-heading544_f6a29e-e5\"]{margin-bottom:2.8rem;text-align:center;font-size:1.2em;line-height:1.8em;font-weight:normal;font-style:normal;}.wp-block-kadence-advancedheading.kt-adv-heading544_f6a29e-e5 mark.kt-highlight, .wp-block-kadence-advancedheading.kt-adv-heading544_f6a29e-e5[data-kb-block=\"kb-adv-heading544_f6a29e-e5\"] mark.kt-highlight{font-weight:normal;font-style:normal;color:#f76a0c;-webkit-box-decoration-break:clone;box-decoration-break:clone;padding-top:0px;padding-right:0px;padding-bottom:0px;padding-left:0px;}.wp-block-kadence-advancedheading.kt-adv-heading544_f6a29e-e5 img.kb-inline-image, .wp-block-kadence-advancedheading.kt-adv-heading544_f6a29e-e5[data-kb-block=\"kb-adv-heading544_f6a29e-e5\"] img.kb-inline-image{width:150px;vertical-align:baseline;}<\/style>\n<h4 class=\"kt-adv-heading544_f6a29e-e5 wp-block-kadence-advancedheading has-theme-palette-5-color has-text-color\" data-kb-block=\"kb-adv-heading544_f6a29e-e5\">W celu zapisania si\u0119 na kurs konwersacyjny z j\u0119zyka angielskiego zostaw mi wiadomo\u015b\u0107 poprzez formularz kontaktowy lub skorzystaj z numeru telefonu poni\u017cej. <\/h4>\n\n\n<style>.kadence-form-544_1424e2-90 .kb-form .kadence-blocks-form-field .kb-text-style-field, .kadence-form-544_1424e2-90 .kb-form .kadence-blocks-form-field .kb-select-style-field{border-radius:6px;background:var(--global-palette9, #ffffff);border-color:#b5bec8;box-shadow:2px 2px 4px 0px rgba(0, 0, 0, 0.02);}.kadence-form-544_1424e2-90 .kb-form .kadence-blocks-form-field .kb-text-style-field:focus, .kadence-form-544_1424e2-90 .kb-form .kadence-blocks-form-field .kb-select-style-field:focus{box-shadow:2px 2px 4px 0px rgba(0, 0, 0, 0.06);}.kadence-form-544_1424e2-90 .kb-form .kadence-blocks-form-field > label{color:var(--global-palette4, #2D3748);font-size:1em;}.kadence-form-544_1424e2-90 .kb-form .kadence-blocks-form-field .kb-forms-submit{color:#ffffff;border-radius:6px;background:var(--global-palette1, #3182CE);}.kadence-form-544_1424e2-90 .kb-form .kadence-blocks-form-field .kb-forms-submit:hover, .kadence-form-544_1424e2-90 .kb-form .kadence-blocks-form-field .kb-forms-submit:focus {color:#ffffff;background:var(--global-palette2, #2B6CB0);}.kadence-form-544_1424e2-90 .kb-form .kadence-blocks-form-field .kb-forms-submit{padding-top:12px;padding-right:40px;padding-bottom:12px;padding-left:40px;}.kadence-form-544_1424e2-90 .kb-form .kadence-blocks-form-field .kb-forms-submit{font-size:20px;}.kb-form input.kadence-blocks-field.verify{opacity:0.0;position:absolute;top:0.0;left:0.0;width:0.0;height:0.0;z-index:-1;}<\/style>\n<div class=\"wp-block-kadence-form kadence-form-544_1424e2-90 kb-form-wrap\"><form class=\"kb-form\" action=\"\" method=\"post\"><div class=\"kadence-blocks-form-field kb-field-desk-width-50 kb-input-size-standard\"><label for=\"kb_field_544_1424e2-90_0\">Imi\u0119<\/label><input name=\"kb_field_0\" id=\"kb_field_544_1424e2-90_0\" data-label=\"Imi\u0119\" type=\"text\" placeholder=\"\" value=\"\" data-type=\"text\" class=\"kb-field kb-text-style-field kb-text-field kb-field-0\"\/><\/div><div class=\"kadence-blocks-form-field kb-form-field-1 kb-field-desk-width-50 kb-input-size-standard\"><label for=\"kb_field_544_1424e2-90_1\">Nazwisko<\/label><input name=\"kb_field_1\" id=\"kb_field_544_1424e2-90_1\" data-label=\"Nazwisko\" type=\"text\" placeholder=\"\" value=\"\" data-type=\"text\" class=\"kb-field kb-text-style-field kb-text-field kb-field-1\"\/><\/div><div class=\"kadence-blocks-form-field kb-form-field-2 kb-field-desk-width-50 kb-input-size-standard\"><label for=\"kb_field_544_1424e2-90_2\">Email<\/label><input name=\"kb_field_2\" id=\"kb_field_544_1424e2-90_2\" data-label=\"Email\" type=\"email\" placeholder=\"\" value=\"\" data-type=\"email\" class=\"kb-field kb-text-style-field kb-email-field kb-field-2\" data-required=\"yes\"\/><\/div><div class=\"kadence-blocks-form-field kb-form-field-3 kb-field-desk-width-50 kb-input-size-standard\"><label for=\"kb_field_544_1424e2-90_3\">Numer telefonu<\/label><input name=\"kb_field_3\" id=\"kb_field_544_1424e2-90_3\" data-label=\"Numer telefonu\" type=\"text\" placeholder=\"\" value=\"\" data-type=\"text\" class=\"kb-field kb-text-style-field kb-text-field kb-field-3\"\/><\/div><div class=\"kadence-blocks-form-field kb-form-field-4 kb-field-desk-width-100 kb-input-size-standard\"><label for=\"kb_field_544_1424e2-90_4\">Tre\u015b\u0107 wiadomo\u015bci<\/label><textarea name=\"kb_field_4\" id=\"kb_field_544_1424e2-90_4\" data-label=\"Tre\u015b\u0107 wiadomo\u015bci\" type=\"textarea\" placeholder=\"\" data-type=\"textarea\" class=\"kb-field kb-text-style-field kb-textarea-field kb-field-4\" rows=\"4\"><\/textarea><\/div><div class=\"kadence-blocks-form-field kb-form-field-5 kb-field-desk-width-100 kb-input-size-standard kb-accept-form-field\"><input type=\"checkbox\" name=\"kb_field_5\" id=\"kb_field_544_1424e2-90_5\" class=\"kb-field kb-checkbox-style kb-accept\" value=\"accept\" data-type=\"accept\" data-required=\"yes\"\/><label for=\"kb_field_544_1424e2-90_5\">Poprzez odznaczenie tego pola i wys\u0142anie wiadomo\u015bci zgadzasz si\u0119 na z nasze zasady ochrony danych osobowych i zasady korzystania z plik\u00f3w cookie<\/label><\/div><input type=\"hidden\" name=\"_kb_form_id\" value=\"544_1424e2-90\"\/><input type=\"hidden\" name=\"_kb_form_post_id\" value=\"544\"\/><input type=\"hidden\" name=\"action\" value=\"kb_process_ajax_submit\"\/><label class=\"kadence-verify-label\">Email<input class=\"kadence-blocks-field verify\" type=\"text\" name=\"_kb_verify_email\" autocomplete=\"new-password\" aria-hidden=\"true\" placeholder=\"Email\" tabindex=\"-1\" data-1p-ignore=\"true\" data-lpignore=\"true\" \/><\/label><div class=\"kadence-blocks-form-field kb-submit-field kb-field-desk-width-100\"><button class=\"kb-forms-submit button kb-button-size-custom kb-button-width-full\">WY\u015aLIJ<\/button><\/div><\/form><\/div>\n<noscript><div class=\"kadence-blocks-form-message kadence-blocks-form-warning\">Please enable JavaScript in your browser to submit the form<\/div><style>.kadence-form-544_1424e2-90 .kadence-blocks-form-field.kb-submit-field { display: none; }<\/style><\/noscript>\n\n<style>.kb-row-layout-wrap.wp-block-kadence-rowlayout.kb-row-layout-id544_be8b7d-01{margin-top:60px;}.kb-row-layout-id544_be8b7d-01 > .kt-row-column-wrap{align-content:start;}:where(.kb-row-layout-id544_be8b7d-01 > .kt-row-column-wrap) > .wp-block-kadence-column{justify-content:start;}.kb-row-layout-id544_be8b7d-01 > .kt-row-column-wrap{column-gap:var(--global-kb-gap-lg, 4rem);row-gap:var(--global-kb-gap-md, 2rem);padding-top:15px;padding-right:0px;padding-bottom:0px;padding-left:0px;grid-template-columns:minmax(0, 1fr);}.kb-row-layout-id544_be8b7d-01 > .kt-row-layout-overlay{opacity:0.30;}@media all and (max-width: 1024px){.kb-row-layout-id544_be8b7d-01 > .kt-row-column-wrap{grid-template-columns:minmax(0, 1fr);}}@media all and (max-width: 767px){.kb-row-layout-id544_be8b7d-01 > .kt-row-column-wrap{grid-template-columns:minmax(0, 1fr);}}<\/style><div class=\"kb-row-layout-wrap kb-row-layout-id544_be8b7d-01 alignnone wp-block-kadence-rowlayout\"><div class=\"kt-row-column-wrap kt-has-1-columns kt-row-layout-equal kt-tab-layout-inherit kt-mobile-layout-row kt-row-valign-top\">\n<style>.kadence-column544_e83993-f1 > .kt-inside-inner-col,.kadence-column544_e83993-f1 > .kt-inside-inner-col:before{border-top-left-radius:0px;border-top-right-radius:0px;border-bottom-right-radius:0px;border-bottom-left-radius:0px;}.kadence-column544_e83993-f1 > .kt-inside-inner-col{column-gap:var(--global-kb-gap-sm, 1rem);}.kadence-column544_e83993-f1 > .kt-inside-inner-col{flex-direction:column;}.kadence-column544_e83993-f1 > .kt-inside-inner-col > .aligncenter{width:100%;}.kadence-column544_e83993-f1 > .kt-inside-inner-col:before{opacity:0.3;}.kadence-column544_e83993-f1{text-align:left;}.kadence-column544_e83993-f1{position:relative;}@media all and (max-width: 1024px){.kadence-column544_e83993-f1 > .kt-inside-inner-col{flex-direction:column;justify-content:center;}}@media all and (max-width: 767px){.kadence-column544_e83993-f1 > .kt-inside-inner-col{flex-direction:column;justify-content:center;}}<\/style>\n<div class=\"wp-block-kadence-column kadence-column544_e83993-f1 inner-column-1\"><div class=\"kt-inside-inner-col\"><style>.wp-block-kadence-advancedheading.kt-adv-heading544_a1c43a-7a, .wp-block-kadence-advancedheading.kt-adv-heading544_a1c43a-7a[data-kb-block=\"kb-adv-heading544_a1c43a-7a\"]{margin-bottom:5px;font-size:1.8em;font-weight:normal;font-style:normal;}.wp-block-kadence-advancedheading.kt-adv-heading544_a1c43a-7a mark.kt-highlight, .wp-block-kadence-advancedheading.kt-adv-heading544_a1c43a-7a[data-kb-block=\"kb-adv-heading544_a1c43a-7a\"] mark.kt-highlight{font-weight:normal;font-style:normal;color:#f76a0c;-webkit-box-decoration-break:clone;box-decoration-break:clone;padding-top:0px;padding-right:0px;padding-bottom:0px;padding-left:0px;}.wp-block-kadence-advancedheading.kt-adv-heading544_a1c43a-7a img.kb-inline-image, .wp-block-kadence-advancedheading.kt-adv-heading544_a1c43a-7a[data-kb-block=\"kb-adv-heading544_a1c43a-7a\"] img.kb-inline-image{width:150px;vertical-align:baseline;}<\/style>\n<h2 class=\"kt-adv-heading544_a1c43a-7a wp-block-kadence-advancedheading has-theme-palette-3-color has-text-color\" data-kb-block=\"kb-adv-heading544_a1c43a-7a\">KONTAKT<\/h2>\n\n\n<style>.wp-block-kadence-advancedheading.kt-adv-heading544_74fe9f-54, .wp-block-kadence-advancedheading.kt-adv-heading544_74fe9f-54[data-kb-block=\"kb-adv-heading544_74fe9f-54\"]{max-width:1000px;margin-bottom:1.5rem;text-align:left;font-size:1.1em;line-height:1.7em;font-weight:normal;font-style:normal;}.wp-block-kadence-advancedheading.kt-adv-heading544_74fe9f-54 mark.kt-highlight, .wp-block-kadence-advancedheading.kt-adv-heading544_74fe9f-54[data-kb-block=\"kb-adv-heading544_74fe9f-54\"] mark.kt-highlight{font-weight:normal;font-style:normal;color:#f76a0c;-webkit-box-decoration-break:clone;box-decoration-break:clone;padding-top:0px;padding-right:0px;padding-bottom:0px;padding-left:0px;}.wp-block-kadence-advancedheading.kt-adv-heading544_74fe9f-54 img.kb-inline-image, .wp-block-kadence-advancedheading.kt-adv-heading544_74fe9f-54[data-kb-block=\"kb-adv-heading544_74fe9f-54\"] img.kb-inline-image{width:150px;vertical-align:baseline;}<\/style>\n<h5 class=\"kt-adv-heading544_74fe9f-54 wp-block-kadence-advancedheading has-theme-palette-6-color has-text-color\" data-kb-block=\"kb-adv-heading544_74fe9f-54\">Przy braku odpowiedzi najlepiej wys\u0142a\u0107 SMS. Bardzo prawdopodobne, \u017ce prowadz\u0119 zaj\u0119cia.<\/h5>\n\n\n<style>.wp-block-kadence-advancedbtn.kt-btns544_1c1ec5-1d, .site .entry-content .wp-block-kadence-advancedbtn.kt-btns544_1c1ec5-1d, .wp-block-kadence-advancedbtn.kb-btns544_1c1ec5-1d, .site .entry-content .wp-block-kadence-advancedbtn.kb-btns544_1c1ec5-1d{margin-top:0px;margin-right:0px;margin-bottom:-5px;margin-left:0px;}.wp-block-kadence-advancedbtn.kb-btns544_1c1ec5-1d{gap:0px;justify-content:flex-start;align-items:center;}.kt-btns544_1c1ec5-1d .kt-button{font-weight:normal;font-style:normal;}<\/style>\n<div class=\"wp-block-kadence-advancedbtn kb-buttons-wrap kb-btns544_1c1ec5-1d\"><style>ul.menu .wp-block-kadence-advancedbtn .kb-btn544_d8e792-ec.kb-button{width:initial;}.wp-block-kadence-advancedbtn .kb-btn544_d8e792-ec.kb-button{color:var(--global-palette6, #718096);background:rgba(NaN, 10, NaN, 0);font-size:18px;border-top-left-radius:0px;border-top-right-radius:0px;border-bottom-right-radius:0px;border-bottom-left-radius:0px;border-top:0px solid #555555;border-right:0px solid #555555;border-bottom:0px solid #555555;border-left:0px solid #555555;padding-top:0px;padding-right:0px;padding-bottom:0px;padding-left:0px;}.wp-block-kadence-advancedbtn .kb-btn544_d8e792-ec.kb-button:hover, .wp-block-kadence-advancedbtn .kb-btn544_d8e792-ec.kb-button:focus{color:var(--global-palette6, #718096);background:rgba(255, 255, 255, 0);border-top-color:#444444;border-top-style:solid;border-right-color:#444444;border-right-style:solid;border-bottom-color:#444444;border-bottom-style:solid;border-left-color:#444444;border-left-style:solid;}@media all and (max-width: 1024px){.wp-block-kadence-advancedbtn .kb-btn544_d8e792-ec.kb-button{border-top:0px solid #555555;border-right:0px solid #555555;border-bottom:0px solid #555555;border-left:0px solid #555555;}}@media all and (max-width: 1024px){.wp-block-kadence-advancedbtn .kb-btn544_d8e792-ec.kb-button:hover, .wp-block-kadence-advancedbtn .kb-btn544_d8e792-ec.kb-button:focus{border-top-color:#444444;border-top-style:solid;border-right-color:#444444;border-right-style:solid;border-bottom-color:#444444;border-bottom-style:solid;border-left-color:#444444;border-left-style:solid;}}@media all and (max-width: 767px){.wp-block-kadence-advancedbtn .kb-btn544_d8e792-ec.kb-button{border-top:0px solid #555555;border-right:0px solid #555555;border-bottom:0px solid #555555;border-left:0px solid #555555;}.wp-block-kadence-advancedbtn .kb-btn544_d8e792-ec.kb-button:hover, .wp-block-kadence-advancedbtn .kb-btn544_d8e792-ec.kb-button:focus{border-top-color:#444444;border-top-style:solid;border-right-color:#444444;border-right-style:solid;border-bottom-color:#444444;border-bottom-style:solid;border-left-color:#444444;border-left-style:solid;}}<\/style><span class=\"kb-button kt-button button kb-btn544_d8e792-ec kt-btn-size-standard kt-btn-width-type-auto kb-btn-global-outline  kt-btn-has-text-true kt-btn-has-svg-true  wp-block-kadence-singlebtn\"><span class=\"kb-svg-icon-wrap kb-svg-icon-fe_phoneCall kt-btn-icon-side-left\"><svg viewBox=\"0 0 24 24\"  fill=\"none\" stroke=\"currentColor\" stroke-width=\"2\" stroke-linecap=\"round\" stroke-linejoin=\"round\" xmlns=\"http:\/\/www.w3.org\/2000\/svg\"  aria-hidden=\"true\"><path d=\"M15.05 5A5 5 0 0 1 19 8.95M15.05 1A9 9 0 0 1 23 8.94m-1 7.98v3a2 2 0 0 1-2.18 2 19.79 19.79 0 0 1-8.63-3.07 19.5 19.5 0 0 1-6-6 19.79 19.79 0 0 1-3.07-8.67A2 2 0 0 1 4.11 2h3a2 2 0 0 1 2 1.72 12.84 12.84 0 0 0 .7 2.81 2 2 0 0 1-.45 2.11L8.09 9.91a16 16 0 0 0 6 6l1.27-1.27a2 2 0 0 1 2.11-.45 12.84 12.84 0 0 0 2.81.7A2 2 0 0 1 22 16.92z\"\/><\/svg><\/span><span class=\"kt-btn-inner-text\">+48 691 770 658<\/span><\/span><\/div>\n\n\n<style>.wp-block-kadence-advancedheading.kt-adv-heading544_5b82d5-8d, .wp-block-kadence-advancedheading.kt-adv-heading544_5b82d5-8d[data-kb-block=\"kb-adv-heading544_5b82d5-8d\"]{margin-top:0rem;margin-bottom:1.5rem;text-align:left;font-size:1em;line-height:1.8em;font-weight:normal;font-style:normal;}.wp-block-kadence-advancedheading.kt-adv-heading544_5b82d5-8d mark.kt-highlight, .wp-block-kadence-advancedheading.kt-adv-heading544_5b82d5-8d[data-kb-block=\"kb-adv-heading544_5b82d5-8d\"] mark.kt-highlight{font-weight:normal;font-style:normal;color:#f76a0c;-webkit-box-decoration-break:clone;box-decoration-break:clone;padding-top:0px;padding-right:0px;padding-bottom:0px;padding-left:0px;}.wp-block-kadence-advancedheading.kt-adv-heading544_5b82d5-8d img.kb-inline-image, .wp-block-kadence-advancedheading.kt-adv-heading544_5b82d5-8d[data-kb-block=\"kb-adv-heading544_5b82d5-8d\"] img.kb-inline-image{width:150px;vertical-align:baseline;}<\/style>\n<h4 class=\"kt-adv-heading544_5b82d5-8d wp-block-kadence-advancedheading has-theme-palette-6-color has-text-color\" data-kb-block=\"kb-adv-heading544_5b82d5-8d\"><\/h4>\n\n\n<style>.wp-block-kadence-advancedbtn.kt-btns544_647a27-3b, .site .entry-content .wp-block-kadence-advancedbtn.kt-btns544_647a27-3b, .wp-block-kadence-advancedbtn.kb-btns544_647a27-3b, .site .entry-content .wp-block-kadence-advancedbtn.kb-btns544_647a27-3b{margin-top:0px;margin-right:0px;margin-bottom:-5px;margin-left:0px;}.wp-block-kadence-advancedbtn.kb-btns544_647a27-3b{gap:0px;justify-content:flex-start;align-items:center;}.kt-btns544_647a27-3b .kt-button{font-weight:normal;font-style:normal;}<\/style>\n<div class=\"wp-block-kadence-advancedbtn kb-buttons-wrap kb-btns544_647a27-3b\"><style>ul.menu .wp-block-kadence-advancedbtn .kb-btn544_4b2d93-a0.kb-button{width:initial;}.wp-block-kadence-advancedbtn .kb-btn544_4b2d93-a0.kb-button{color:var(--global-palette6, #718096);background:rgba(NaN, 10, NaN, 0);font-size:18px;border-top-left-radius:0px;border-top-right-radius:0px;border-bottom-right-radius:0px;border-bottom-left-radius:0px;border-top:0px solid #555555;border-right:0px solid #555555;border-bottom:0px solid #555555;border-left:0px solid #555555;padding-top:0px;padding-right:0px;padding-bottom:0px;padding-left:0px;}.wp-block-kadence-advancedbtn .kb-btn544_4b2d93-a0.kb-button:hover, .wp-block-kadence-advancedbtn .kb-btn544_4b2d93-a0.kb-button:focus{color:var(--global-palette6, #718096);background:rgba(255, 255, 255, 0);border-top-color:#444444;border-top-style:solid;border-right-color:#444444;border-right-style:solid;border-bottom-color:#444444;border-bottom-style:solid;border-left-color:#444444;border-left-style:solid;}@media all and (max-width: 1024px){.wp-block-kadence-advancedbtn .kb-btn544_4b2d93-a0.kb-button{border-top:0px solid #555555;border-right:0px solid #555555;border-bottom:0px solid #555555;border-left:0px solid #555555;}}@media all and (max-width: 1024px){.wp-block-kadence-advancedbtn .kb-btn544_4b2d93-a0.kb-button:hover, .wp-block-kadence-advancedbtn .kb-btn544_4b2d93-a0.kb-button:focus{border-top-color:#444444;border-top-style:solid;border-right-color:#444444;border-right-style:solid;border-bottom-color:#444444;border-bottom-style:solid;border-left-color:#444444;border-left-style:solid;}}@media all and (max-width: 767px){.wp-block-kadence-advancedbtn .kb-btn544_4b2d93-a0.kb-button{border-top:0px solid #555555;border-right:0px solid #555555;border-bottom:0px solid #555555;border-left:0px solid #555555;}.wp-block-kadence-advancedbtn .kb-btn544_4b2d93-a0.kb-button:hover, .wp-block-kadence-advancedbtn .kb-btn544_4b2d93-a0.kb-button:focus{border-top-color:#444444;border-top-style:solid;border-right-color:#444444;border-right-style:solid;border-bottom-color:#444444;border-bottom-style:solid;border-left-color:#444444;border-left-style:solid;}}<\/style><span class=\"kb-button kt-button button kb-btn544_4b2d93-a0 kt-btn-size-standard kt-btn-width-type-auto kb-btn-global-outline  kt-btn-has-text-true kt-btn-has-svg-true  wp-block-kadence-singlebtn\"><span class=\"kb-svg-icon-wrap kb-svg-icon-fe_mail kt-btn-icon-side-left\"><svg viewBox=\"0 0 24 24\"  fill=\"none\" stroke=\"currentColor\" stroke-width=\"2\" stroke-linecap=\"round\" stroke-linejoin=\"round\" xmlns=\"http:\/\/www.w3.org\/2000\/svg\"  aria-hidden=\"true\"><path d=\"M4 4h16c1.1 0 2 .9 2 2v12c0 1.1-.9 2-2 2H4c-1.1 0-2-.9-2-2V6c0-1.1.9-2 2-2z\"\/><polyline points=\"22,6 12,13 2,6\"\/><\/svg><\/span><span class=\"kt-btn-inner-text\">kontakt@swobodnyangielski.pl<\/span><\/span><\/div>\n<\/div><\/div>\n\n<\/div><\/div>","protected":false},"excerpt":{"rendered":"<p>W celu zapisania si\u0119 na kurs konwersacyjny z j\u0119zyka angielskiego zostaw mi wiadomo\u015b\u0107 poprzez formularz kontaktowy lub skorzystaj z numeru telefonu poni\u017cej. KONTAKT Przy braku odpowiedzi najlepiej wys\u0142a\u0107 SMS. Bardzo prawdopodobne, \u017ce prowadz\u0119 zaj\u0119cia.<\/p>\n","protected":false},"author":1,"featured_media":0,"parent":0,"menu_order":0,"comment_status":"closed","ping_status":"closed","template":"","meta":{"_kadence_starter_templates_imported_post":true,"_kad_post_transparent":"","_kad_post_title":"","_kad_post_layout":"narrow","_kad_post_sidebar_id":"","_kad_post_content_style":"","_kad_post_vertical_padding":"","_kad_post_feature":"","_kad_post_feature_position":"","_kad_post_header":false,"_kad_post_footer":false,"_kad_post_classname":"","footnotes":""},"class_list":["post-544","page","type-page","status-publish","hentry"],"_links":{"self":[{"href":"https:\/\/swobodnyangielski.pl\/index.php\/wp-json\/wp\/v2\/pages\/544","targetHints":{"allow":["GET"]}}],"collection":[{"href":"https:\/\/swobodnyangielski.pl\/index.php\/wp-json\/wp\/v2\/pages"}],"about":[{"href":"https:\/\/swobodnyangielski.pl\/index.php\/wp-json\/wp\/v2\/types\/page"}],"author":[{"embeddable":true,"href":"https:\/\/swobodnyangielski.pl\/index.php\/wp-json\/wp\/v2\/users\/1"}],"replies":[{"embeddable":true,"href":"https:\/\/swobodnyangielski.pl\/index.php\/wp-json\/wp\/v2\/comments?post=544"}],"version-history":[{"count":7,"href":"https:\/\/swobodnyangielski.pl\/index.php\/wp-json\/wp\/v2\/pages\/544\/revisions"}],"predecessor-version":[{"id":731,"href":"https:\/\/swobodnyangielski.pl\/index.php\/wp-json\/wp\/v2\/pages\/544\/revisions\/731"}],"wp:attachment":[{"href":"https:\/\/swobodnyangielski.pl\/index.php\/wp-json\/wp\/v2\/media?parent=544"}],"curies":[{"name":"wp","href":"https:\/\/api.w.org\/{rel}","templated":true}]}}